{"id":762,"date":"2022-03-14T16:24:45","date_gmt":"2022-03-14T19:24:45","guid":{"rendered":"http:\/\/www.larev.facen.una.py\/herbario\/?page_id=762"},"modified":"2023-02-08T14:51:40","modified_gmt":"2023-02-08T17:51:40","slug":"flora-del-paraguay","status":"publish","type":"page","link":"https:\/\/www.larev.facen.una.py\/herbario\/flora-del-paraguay\/","title":{"rendered":"Flora del Paraguay"},"content":{"rendered":"\t\t<div data-elementor-type=\"wp-page\" data-elementor-id=\"762\" class=\"elementor elementor-762\">\n\t\t\t\t\t\t<div class=\"elementor-inner\">\n\t\t\t\t<div class=\"elementor-section-wrap\">\n\t\t\t\t\t\t\t\t\t<section class=\"elementor-section elementor-top-section elementor-element elementor-element-4bb645c elementor-section-boxed elementor-section-height-default elementor-section-height-default\" data-id=\"4bb645c\" data-element_type=\"section\" data-settings=\"{&quot;background_background&quot;:&quot;classic&quot;}\">\n\t\t\t\t\t\t\t<div class=\"elementor-background-overlay\"><\/div>\n\t\t\t\t\t\t\t<div class=\"elementor-container elementor-column-gap-default\">\n\t\t\t\t\t\t\t<div class=\"elementor-row\">\n\t\t\t\t\t<div class=\"elementor-column elementor-col-100 elementor-top-column elementor-element elementor-element-ac1d1e4\" data-id=\"ac1d1e4\" data-element_type=\"column\">\n\t\t\t<div class=\"elementor-column-wrap elementor-element-populated\">\n\t\t\t\t\t\t\t<div class=\"elementor-widget-wrap\">\n\t\t\t\t\t\t<div class=\"elementor-element elementor-element-e1096c0 elementor-widget elementor-widget-heading\" data-id=\"e1096c0\" data-element_type=\"widget\" data-widget_type=\"heading.default\">\n\t\t\t\t<div class=\"elementor-widget-container\">\n\t\t\t<h1 class=\"elementor-heading-title elementor-size-default\">Plantas y Hongos de Paraguay<\/h1>\t\t<\/div>\n\t\t\t\t<\/div>\n\t\t\t\t<div class=\"elementor-element elementor-element-b770a64 elementor-widget elementor-widget-text-editor\" data-id=\"b770a64\" data-element_type=\"widget\" data-widget_type=\"text-editor.default\">\n\t\t\t\t<div class=\"elementor-widget-container\">\n\t\t\t\t\t\t\t\t<div class=\"elementor-text-editor elementor-clearfix\">\n\t\t\t\t<p><span style=\"font-weight: 400;\">La informaci\u00f3n flor\u00edstica y micol\u00f3gica existente en la base de datos se mantiene actualizada a medida que nuevos cambios taxon\u00f3micos o nuevos registros de plantas y hongos son registrados en el Herbario.<\/span><\/p>\t\t\t\t\t<\/div>\n\t\t\t\t\t\t<\/div>\n\t\t\t\t<\/div>\n\t\t\t\t<div class=\"elementor-element elementor-element-8c1519c elementor-widget elementor-widget-shortcode\" data-id=\"8c1519c\" data-element_type=\"widget\" data-widget_type=\"shortcode.default\">\n\t\t\t\t<div class=\"elementor-widget-container\">\n\t\t\t\t\t<div class=\"elementor-shortcode\"><div class=\"asp_w_container asp_w_container_1 asp_w_container_1_1\">\r\n\t<div class='asp_w asp_m asp_m_1 asp_m_1_1 wpdreams_asp_sc wpdreams_asp_sc-1 ajaxsearchpro asp_main_container  asp_non_compact'\r\n\t\t data-id=\"1\"\r\n\t\t data-name=\"buscador\"\r\n\t\t \t\t data-instance=\"1\"\r\n\t\t id='ajaxsearchpro1_1'>\r\n\r\n\t\t<div class=\"probox\">\r\n\t\r\n\t<div class='promagnifier' tabindex=\"101\">\r\n\t\t\t\t<div class='asp_text_button hiddend'>\r\n\t\t\tSearch\t\t<\/div>\r\n\t\t<div class='innericon'>\r\n\t\t\t<svg xmlns=\"http:\/\/www.w3.org\/2000\/svg\" width=\"22\" height=\"22\" viewBox=\"0 0 512 512\"><path d=\"M460.355 421.59l-106.51-106.512c20.04-27.553 31.884-61.437 31.884-98.037C385.73 124.935 310.792 50 218.685 50c-92.106 0-167.04 74.934-167.04 167.04 0 92.107 74.935 167.042 167.04 167.042 34.912 0 67.352-10.773 94.184-29.158L419.945 462l40.41-40.41zM100.63 217.04c0-65.095 52.96-118.055 118.056-118.055 65.098 0 118.057 52.96 118.057 118.056 0 65.097-52.96 118.057-118.057 118.057-65.096 0-118.055-52.96-118.055-118.056z\"\/><\/svg>\t\t<\/div>\r\n\t\t<div class=\"asp_clear\"><\/div>\r\n\t<\/div>\r\n\r\n\t\r\n    \r\n    <div class='prosettings'  data-opened=0>\r\n                <div class='innericon'>\r\n            <svg xmlns=\"http:\/\/www.w3.org\/2000\/svg\" width=\"22\" height=\"22\" viewBox=\"0 0 512 512\"><path d=\"M153.415 256c0 28.558-23.15 51.708-51.707 51.708C73.15 307.708 50 284.558 50 256s23.15-51.708 51.708-51.708c28.557 0 51.707 23.15 51.707 51.708zM256 204.292c-28.558 0-51.708 23.15-51.708 51.708s23.15 51.708 51.708 51.708 51.708-23.15 51.708-51.708-23.15-51.708-51.708-51.708zm154.292 0c-28.557 0-51.707 23.15-51.707 51.708s23.15 51.708 51.707 51.708C438.85 307.708 462 284.558 462 256s-23.15-51.708-51.708-51.708z\"\/><\/svg>        <\/div>\r\n    <\/div>\r\n\r\n    \r\n    \r\n    <div class='proinput'>\r\n        <form action='#' autocomplete=\"off\" aria-label=\"Search form 1\">\r\n            <input type='search' class='orig'\r\n\t\t\t\t   tabindex=\"100\"\r\n                   placeholder='Escribe para buscar en todo el herbario de la FACEN'\r\n                   name='phrase' value=''\r\n                   aria-label=\"Search input 1\"\r\n                   autocomplete=\"off\"\/>\r\n            <input type='text' class='autocomplete' name='phrase' value=''\r\n                   aria-label=\"Search autocomplete, ignore please\"\r\n                   aria-hidden=\"true\"\r\n                   autocomplete=\"off\" disabled\/>\r\n            <input type='submit'\r\n                   aria-hidden=\"true\"\r\n                   aria-label=\"Hidden button\"\r\n                   style='width:0; height: 0; visibility: hidden;'>\r\n        <\/form>\r\n    <\/div>\r\n\r\n    \r\n    \r\n    <div class='proloading'>\r\n                        <div class=\"asp_loader\">\r\n            <div class=\"asp_loader-inner asp_simple-circle\">\r\n                        <\/div>\r\n        <\/div>\r\n                    <\/div>\r\n\r\n            <div class='proclose'>\r\n            <svg version=\"1.1\" xmlns=\"http:\/\/www.w3.org\/2000\/svg\" xmlns:xlink=\"http:\/\/www.w3.org\/1999\/xlink\" x=\"0px\"\r\n                 y=\"0px\"\r\n                 width=\"512px\" height=\"512px\" viewBox=\"0 0 512 512\" enable-background=\"new 0 0 512 512\"\r\n                 xml:space=\"preserve\">\r\n            <polygon points=\"438.393,374.595 319.757,255.977 438.378,137.348 374.595,73.607 255.995,192.225 137.375,73.622 73.607,137.352 192.246,255.983 73.622,374.625 137.352,438.393 256.002,319.734 374.652,438.378 \"\/>\r\n            <\/svg>\r\n        <\/div>\r\n    \r\n    \r\n<\/div>\t<\/div>\r\n\t<div class='asp_data_container' style=\"display:none !important;\">\r\n\t\t<div class=\"asp_init_data\"\r\n\t style=\"display:none !important;\"\r\n\t id=\"asp_init_id_1_1\"\r\n\t data-asp-id=\"1\"\r\n\t data-asp-instance=\"1\"\r\n\t data-aspdata=\"ew0KICAgICAgICAiaG9tZXVybCI6ICJodHRwczovL3d3dy5sYXJldi5mYWNlbi51bmEucHkvaGVyYmFyaW8vIiwNCiAgICAJImlzX3Jlc3VsdHNfcGFnZSI6IDAsDQogICAgInJlc3VsdHN0eXBlIjogInZlcnRpY2FsIiwNCiAgICAicmVzdWx0c3Bvc2l0aW9uIjogImhvdmVyIiwNCiAgICAicmVzdWx0c1NuYXBUbyI6ICJsZWZ0IiwNCiAgICAicmVzdWx0cyI6IHsNCiAgICAgICAgIndpZHRoIjogImF1dG8iLA0KICAgICAgICAid2lkdGhfdGFibGV0IjogImF1dG8iLA0KICAgICAgICAid2lkdGhfcGhvbmUiOiAiYXV0byINCiAgICB9LA0KICAgICJpdGVtc2NvdW50IjogNCwNCiAgICAiY2hhcmNvdW50IjogIDAsDQogICAgImhpZ2hsaWdodCI6IDAsDQogICAgImhpZ2hsaWdodFdob2xld29yZHMiOiAxLA0KICAgICJzaW5nbGVIaWdobGlnaHQiOiAwLA0KICAgICJzY3JvbGxUb1Jlc3VsdHMiOiB7DQogICAgICAgICJlbmFibGVkIjogMCwNCiAgICAgICAgIm9mZnNldCI6IDAgICAgfSwNCiAgICAiYXV0b2NvbXBsZXRlIjogew0KICAgICAgICAiZW5hYmxlZCI6IDEsDQoJCSJ0cmlnZ2VyX2NoYXJjb3VudCI6IDAsDQogICAgICAgICJnb29nbGVPbmx5IjogMCwNCiAgICAgICAgImxhbmciOiAiZXMiLA0KICAgICAgICAibW9iaWxlIjogMSAgICB9LA0KICAgICJ0cmlnZ2VyIjogew0KICAgICAgICAiZGVsYXkiOiAzMDAsDQogICAgICAgICJhdXRvY29tcGxldGVfZGVsYXkiOiAzMTAsDQogICAgICAgICJmYWNldCI6IDEsDQogICAgICAgICJ0eXBlIjogMSwNCiAgICAgICAgImNsaWNrIjogInJlc3VsdHNfcGFnZSIsDQogICAgICAgICJjbGlja19sb2NhdGlvbiI6ICJzYW1lIiwNCiAgICAgICAgInJldHVybiI6ICJyZXN1bHRzX3BhZ2UiLA0KICAgICAgICAicmV0dXJuX2xvY2F0aW9uIjogInNhbWUiLA0KICAgICAgICAicmVkaXJlY3RfdXJsIjogIj9zPXtwaHJhc2V9IiwNCiAgICAgICAgImVsZW1lbnRvcl91cmwiOiAiaHR0cHM6Ly93d3cubGFyZXYuZmFjZW4udW5hLnB5L2hlcmJhcmlvLz9hc3BfbHM9e3BocmFzZX0iDQogICAgfSwNCiAgICAib3ZlcnJpZGV3cGRlZmF1bHQiOiAxLA0KICAgICJvdmVycmlkZV9tZXRob2QiOiAiZ2V0IiwNCiAgICAic2V0dGluZ3MiOiB7DQogICAgICAgICJoaWRlQ2hpbGRyZW4iOiAwICAgIH0sDQogICAgInNldHRpbmdzaW1hZ2Vwb3MiOiAicmlnaHQiLA0KICAgICJzZXR0aW5nc1Zpc2libGUiOiAxLA0KICAgICJzZXR0aW5nc0hpZGVPblJlcyI6IDAsDQogICAgInByZXNjb250YWluZXJoZWlnaHQiOiAiNDAwcHgiLA0KICAgICJjbG9zZU9uRG9jQ2xpY2siOiAxLA0KICAgICJmb2N1c09uUGFnZWxvYWQiOiAwLA0KICAgICJpc290b3BpYyI6IHsNCiAgICAgICAgIml0ZW1XaWR0aCI6ICIyMDBweCIsDQogICAgICAgICJpdGVtV2lkdGhUYWJsZXQiOiAiMjAwcHgiLA0KICAgICAgICAiaXRlbVdpZHRoUGhvbmUiOiAiMjAwcHgiLA0KICAgICAgICAiaXRlbUhlaWdodCI6ICIyMDBweCIsDQogICAgICAgICJpdGVtSGVpZ2h0VGFibGV0IjogIjIwMHB4IiwNCiAgICAgICAgIml0ZW1IZWlnaHRQaG9uZSI6ICIyMDBweCIsDQogICAgICAgICJwYWdpbmF0aW9uIjogMSwNCiAgICAgICAgInJvd3MiOiAyLA0KICAgICAgICAiZ3V0dGVyIjogNSwNCiAgICAgICAgInNob3dPdmVybGF5IjogMSwNCiAgICAgICAgImJsdXJPdmVybGF5IjogMSwNCiAgICAgICAgImhpZGVDb250ZW50IjogMSAgICB9LA0KICAgICJsb2FkZXJMb2NhdGlvbiI6ICJhdXRvIiwNCiAgICAic2hvd19tb3JlIjogew0KICAgICAgICAiZW5hYmxlZCI6IDAsDQogICAgICAgICJ1cmwiOiAiP3M9e3BocmFzZX0iLA0KICAgICAgICAiZWxlbWVudG9yX3VybCI6ICJodHRwczovL3d3dy5sYXJldi5mYWNlbi51bmEucHkvaGVyYmFyaW8vP2FzcF9scz17cGhyYXNlfSIsDQogICAgICAgICJhY3Rpb24iOiAicmVkaXJlY3QiLA0KICAgICAgICAibG9jYXRpb24iOiAic2FtZSIsDQogICAgICAgICJpbmZpbml0ZSI6IDAgICAgfSwNCiAgICAibW9iaWxlIjogew0KICAgICAgICAidHJpZ2dlcl9vbl90eXBlIjogMSwNCiAgICAgICAgImNsaWNrX2FjdGlvbiI6ICJyZXN1bHRzX3BhZ2UiLA0KICAgICAgICAicmV0dXJuX2FjdGlvbiI6ICJyZXN1bHRzX3BhZ2UiLA0KICAgICAgICAiY2xpY2tfYWN0aW9uX2xvY2F0aW9uIjogInNhbWUiLA0KICAgICAgICAicmV0dXJuX2FjdGlvbl9sb2NhdGlvbiI6ICJzYW1lIiwNCiAgICAgICAgInJlZGlyZWN0X3VybCI6ICI\/cz17cGhyYXNlfSIsDQogICAgICAgICJlbGVtZW50b3JfdXJsIjogImh0dHBzOi8vd3d3LmxhcmV2LmZhY2VuLnVuYS5weS9oZXJiYXJpby8\/YXNwX2xzPXtwaHJhc2V9IiwNCiAgICAgICAgIm1lbnVfc2VsZWN0b3IiOiAiI21lbnUtdG9nZ2xlIiwNCiAgICAgICAgImhpZGVfa2V5Ym9hcmQiOiAwLA0KICAgICAgICAiZm9yY2VfcmVzX2hvdmVyIjogMCwNCiAgICAgICAgImZvcmNlX3NldHRfaG92ZXIiOiAwLA0KICAgICAgICAiZm9yY2Vfc2V0dF9zdGF0ZSI6ICJub25lIg0KICAgIH0sDQogICAgImNvbXBhY3QiOiB7DQogICAgICAgICJlbmFibGVkIjogMCwNCiAgICAgICAgImZvY3VzIjogMSwNCiAgICAgICAgIndpZHRoIjogIjEwMCUiLA0KICAgICAgICAid2lkdGhfdGFibGV0IjogIjQ4MHB4IiwNCiAgICAgICAgIndpZHRoX3Bob25lIjogIjMyMHB4IiwNCiAgICAgICAgImNsb3NlT25NYWduaWZpZXIiOiAxLA0KICAgICAgICAiY2xvc2VPbkRvY3VtZW50IjogMCwNCiAgICAgICAgInBvc2l0aW9uIjogInN0YXRpYyIsDQogICAgICAgICJvdmVybGF5IjogMCAgICB9LA0KICAgICJzYiI6IHsNCiAgICAgICAgInJlZGlyZWN0X2FjdGlvbiI6ICJhamF4X3NlYXJjaCIsDQogICAgICAgICJyZWRpcmVjdF9sb2NhdGlvbiI6ICJzYW1lIiwNCiAgICAgICAgInJlZGlyZWN0X3VybCI6ICI\/cz17cGhyYXNlfSIsDQogICAgICAgICJlbGVtZW50b3JfdXJsIjogImh0dHBzOi8vd3d3LmxhcmV2LmZhY2VuLnVuYS5weS9oZXJiYXJpby8\/YXNwX2xzPXtwaHJhc2V9Ig0KICAgIH0sDQogICAgInJiIjogew0KICAgICAgICAiYWN0aW9uIjogIm5vdGhpbmciDQogICAgfSwNCiAgICAiYW5pbWF0aW9ucyI6IHsNCiAgICAgICAgInBjIjogew0KICAgICAgICAgICAgInNldHRpbmdzIjogew0KICAgICAgICAgICAgICAgICJhbmltIiA6ICJmYWRlZHJvcCIsDQogICAgICAgICAgICAgICAgImR1ciIgIDogMzAwICAgICAgICAgICAgfSwNCiAgICAgICAgICAgICJyZXN1bHRzIiA6IHsNCiAgICAgICAgICAgICAgICAiYW5pbSIgOiAiZmFkZWRyb3AiLA0KICAgICAgICAgICAgICAgICJkdXIiICA6IDMwMCAgICAgICAgICAgIH0sDQogICAgICAgICAgICAiaXRlbXMiIDogImZhZGVJbkRvd24iDQogICAgICAgIH0sDQogICAgICAgICJtb2IiOiB7DQogICAgICAgICAgICAic2V0dGluZ3MiOiB7DQogICAgICAgICAgICAgICAgImFuaW0iIDogImZhZGVkcm9wIiwNCiAgICAgICAgICAgICAgICAiZHVyIiAgOiAzMDAgICAgICAgICAgICB9LA0KICAgICAgICAgICAgInJlc3VsdHMiIDogew0KICAgICAgICAgICAgICAgICJhbmltIiA6ICJmYWRlZHJvcCIsDQogICAgICAgICAgICAgICAgImR1ciIgIDogMzAwICAgICAgICAgICAgfSwNCiAgICAgICAgICAgICJpdGVtcyIgOiAidm9pZGFuaW0iDQogICAgICAgIH0NCiAgICB9LA0KICAgICJzZWxlY3QyIjogew0KICAgICAgICAibm9yZXMiOiAiTm8gcmVzdWx0cyBtYXRjaCINCiAgICB9LA0KICAgICJkZXRlY3RWaXNpYmlsaXR5IiA6IDAsDQogICAgImF1dG9wIjogew0KICAgICAgICAic3RhdGUiOiAiZGlzYWJsZWQiLA0KICAgICAgICAicGhyYXNlIjogIiIsDQogICAgICAgICJjb3VudCI6IDEwICAgIH0sDQogICAgInJlc1BhZ2UiOiB7DQogICAgICAgICJ1c2VBamF4IjogMCwNCiAgICAgICAgInNlbGVjdG9yIjogIiNtYWluIiwNCiAgICAgICAgInRyaWdnZXJfdHlwZSI6IDEsDQogICAgICAgICJ0cmlnZ2VyX2ZhY2V0IjogMSwNCiAgICAgICAgInRyaWdnZXJfbWFnbmlmaWVyIjogMCwNCiAgICAgICAgInRyaWdnZXJfcmV0dXJuIjogMCAgICB9LA0KICAgICJmc3NfbGF5b3V0IjogImZsZXgiLA0KICAgICJzY3JvbGxCYXIiOiB7DQogICAgICAgICJ2ZXJ0aWNhbCI6IHsNCiAgICAgICAgICAgICJhdXRvSGlkZSI6IDAgICAgICAgIH0sDQogICAgICAgICJob3Jpem9udGFsIjogew0KICAgICAgICAgICAgImVuYWJsZWQiOiAxLA0KICAgICAgICAgICAgImF1dG9IaWRlIjogMSAgICAgICAgfSwNCiAgICAgICAgInNldHRpbmdzIjogew0KICAgICAgICAgICAgImF1dG9IaWRlIjogMCAgICAgICAgfQ0KICAgIH0sDQoJImRpdmkiOiB7DQoJCSJib2R5Y29tbWVyY2UiOiAwCX0sDQogICAgInByZXZlbnRCb2R5U2Nyb2xsIjogMCwNCiAgICAic3RhdGlzdGljcyI6IDB9DQo=\"><\/div>\r\n<div class='asp_hidden_data' style=\"display:none !important;\">\r\n    <div class='asp_item_overlay'>\r\n        <div class='asp_item_inner'>\r\n            <svg xmlns=\"http:\/\/www.w3.org\/2000\/svg\" width=\"22\" height=\"22\" viewBox=\"0 0 512 512\"><path d=\"M448.225 394.243l-85.387-85.385c16.55-26.08 26.146-56.986 26.146-90.094 0-92.99-75.652-168.64-168.643-168.64-92.988 0-168.64 75.65-168.64 168.64s75.65 168.64 168.64 168.64c31.466 0 60.94-8.67 86.176-23.734l86.14 86.142c36.755 36.754 92.355-18.783 55.57-55.57zm-344.233-175.48c0-64.155 52.192-116.35 116.35-116.35s116.353 52.194 116.353 116.35S284.5 335.117 220.342 335.117s-116.35-52.196-116.35-116.352zm34.463-30.26c34.057-78.9 148.668-69.75 170.248 12.863-43.482-51.037-119.984-56.532-170.248-12.862z\"\/><\/svg>                    <\/div>\r\n    <\/div>\r\n<\/div>\t<\/div>\r\n\t<div id='__original__ajaxsearchprores1_1' class='asp_w asp_r asp_r_1 asp_r_1_1 vertical ajaxsearchpro wpdreams_asp_sc wpdreams_asp_sc-1'\r\n     data-id=\"1\"\r\n     data-instance=\"1\">\r\n\r\n    \r\n    \r\n    \r\n    <div class=\"results\">\r\n\r\n        \r\n        <div class=\"resdrg\">\r\n        <\/div>\r\n\r\n        \r\n    <\/div>\r\n\r\n    \r\n    \r\n    \r\n\r\n    <div class=\"asp_res_loader hiddend\">\r\n                    <div class=\"asp_loader\">\r\n                <div class=\"asp_loader-inner asp_simple-circle\">\r\n                                <\/div>\r\n            <\/div>\r\n            <\/div>\r\n<\/div>\t<div id='__original__ajaxsearchprosettings1_1'\r\n\t\t class=\"asp_w asp_ss asp_ss_1 asp_s asp_s_1 asp_s_1_1 wpdreams_asp_sc wpdreams_asp_sc-1 ajaxsearchpro searchsettings\"\r\n\t\t data-id=\"1\"\r\n\t\t data-instance=\"1\">\r\n\t<form name='options' class=\"asp-fss-flex\" autocomplete = 'off'>\r\n        <input type=\"hidden\" style=\"display:none;\" name=\"current_page_id\" value=\"762\">\r\n            <input type='hidden' name='qtranslate_lang' style=\"display:none;\"\r\n               value='0'\/>\r\n    \t    <input type=\"hidden\" name=\"filters_changed\" style=\"display:none;\" value=\"0\">\r\n    <input type=\"hidden\" name=\"filters_initial\" style=\"display:none;\" value=\"1\">\r\n    <fieldset class=\"asp_filter_generic asp_filter_id_2 asp_filter_n_1 hiddend\">\r\n            <legend>Generic filters<\/legend>\r\n    \r\n\t\t<input type=\"checkbox\" value=\"exact\"\r\n\t\t\t   id=\"set_exact1_1\"\r\n\t\t\t   style=\"display:none;\"\r\n\t\t\t   \t\t\t   name=\"asp_gen[]\" \/>\r\n    \r\n\t\t<input type=\"checkbox\" value=\"title\"\r\n\t\t\t   id=\"set_title1_1\"\r\n\t\t\t   style=\"display:none;\"\r\n\t\t\t   data-origvalue=\"1\"\t\t\t   name=\"asp_gen[]\"  checked=\"checked\"\/>\r\n    \r\n\t\t<input type=\"checkbox\" value=\"content\"\r\n\t\t\t   id=\"set_content1_1\"\r\n\t\t\t   style=\"display:none;\"\r\n\t\t\t   data-origvalue=\"1\"\t\t\t   name=\"asp_gen[]\"  checked=\"checked\"\/>\r\n    \r\n\t\t<input type=\"checkbox\" value=\"excerpt\"\r\n\t\t\t   id=\"set_excerpt1_1\"\r\n\t\t\t   style=\"display:none;\"\r\n\t\t\t   \t\t\t   name=\"asp_gen[]\" \/>\r\n    <\/fieldset><fieldset\r\n    data-asp_invalid_msg=\"This field is required!\"\r\n    class=\"asp_filter_cpt asp_sett_scroll asp_checkboxes_filter_box\">\r\n        <legend>Filtrar seg\u00fan taxonomia<\/legend>\r\n            <div class=\"asp_option asp_option_cat asp_option_selectall\">\r\n        <div class=\"asp_option_inner\">\r\n            <input type=\"checkbox\" id=\"1_1customset_selectall\"\r\n                   aria-label=\"Seleccionar todo\"\r\n                   data-targetclass=\"asp_post_type_checkbox\" checked=\"checked\"\/>\r\n            <label aria-hidden=\"true\" for=\"1_1customset_selectall\">\r\n                Hidden label            <\/label>\r\n        <\/div>\r\n        <div class=\"asp_option_label\">\r\n            Seleccionar todo        <\/div>\r\n    <\/div>\r\n            <div class=\"asp_option\">\r\n        <div class=\"asp_option_inner\">\r\n            <input type=\"checkbox\" value=\"familia\" id=\"1_1customset_1_11\"\r\n                   aria-label=\"Familias\"\r\n                   class=\"asp_post_type_checkbox\"\r\n                   data-origvalue=\"1\"                   name=\"customset[]\" checked=\"checked\"\/>\r\n            <label aria-hidden=\"true\" for=\"1_1customset_1_11\">\r\n                Hidden label            <\/label>\r\n        <\/div>\r\n        <div class=\"asp_option_label\">\r\n            Familias        <\/div>\r\n    <\/div>\r\n            <div class=\"asp_option\">\r\n        <div class=\"asp_option_inner\">\r\n            <input type=\"checkbox\" value=\"genero\" id=\"1_1customset_1_12\"\r\n                   aria-label=\"G\u00e9neros\"\r\n                   class=\"asp_post_type_checkbox\"\r\n                   data-origvalue=\"1\"                   name=\"customset[]\" checked=\"checked\"\/>\r\n            <label aria-hidden=\"true\" for=\"1_1customset_1_12\">\r\n                Hidden label            <\/label>\r\n        <\/div>\r\n        <div class=\"asp_option_label\">\r\n            G\u00e9neros        <\/div>\r\n    <\/div>\r\n            <div class=\"asp_option\">\r\n        <div class=\"asp_option_inner\">\r\n            <input type=\"checkbox\" value=\"especie\" id=\"1_1customset_1_13\"\r\n                   aria-label=\"Especies\"\r\n                   class=\"asp_post_type_checkbox\"\r\n                   data-origvalue=\"1\"                   name=\"customset[]\" checked=\"checked\"\/>\r\n            <label aria-hidden=\"true\" for=\"1_1customset_1_13\">\r\n                Hidden label            <\/label>\r\n        <\/div>\r\n        <div class=\"asp_option_label\">\r\n            Especies        <\/div>\r\n    <\/div>\r\n    <\/fieldset>    <div style=\"clear:both;\"><\/div>\r\n<\/form>\t<\/div>\r\n\r\n\t\t\t<\/div>\r\n<\/div>\n\t\t\t\t<\/div>\n\t\t\t\t<\/div>\n\t\t\t\t<div class=\"elementor-element elementor-element-a63b8f3 elementor-widget elementor-widget-wp-widget-ajaxsearchprowidget\" data-id=\"a63b8f3\" data-element_type=\"widget\" data-widget_type=\"wp-widget-ajaxsearchprowidget.default\">\n\t\t\t\t<div class=\"elementor-widget-container\">\n\t\t\t<h5> <\/h5>\t\t<\/div>\n\t\t\t\t<\/div>\n\t\t\t\t\t\t<\/div>\n\t\t\t\t\t<\/div>\n\t\t<\/div>\n\t\t\t\t\t\t\t\t<\/div>\n\t\t\t\t\t<\/div>\n\t\t<\/section>\n\t\t\t\t<section class=\"elementor-section elementor-top-section elementor-element elementor-element-f1c72cd elementor-section-boxed elementor-section-height-default elementor-section-height-default\" data-id=\"f1c72cd\" data-element_type=\"section\">\n\t\t\t\t\t\t<div class=\"elementor-container elementor-column-gap-default\">\n\t\t\t\t\t\t\t<div class=\"elementor-row\">\n\t\t\t\t\t<div class=\"elementor-column elementor-col-100 elementor-top-column elementor-element elementor-element-a65a421\" data-id=\"a65a421\" data-element_type=\"column\">\n\t\t\t<div class=\"elementor-column-wrap elementor-element-populated\">\n\t\t\t\t\t\t\t<div class=\"elementor-widget-wrap\">\n\t\t\t\t\t\t<div class=\"elementor-element elementor-element-0ae0a6b elementor-widget__width-initial elementor-position-top elementor-vertical-align-top elementor-widget elementor-widget-image-box\" data-id=\"0ae0a6b\" data-element_type=\"widget\" data-widget_type=\"image-box.default\">\n\t\t\t\t<div class=\"elementor-widget-container\">\n\t\t\t<div class=\"elementor-image-box-wrapper\"><figure class=\"elementor-image-box-img\"><a href=\"http:\/\/www.herbario.facen.una.py\/herbario\/reinos\/\" target=\"_blank\"><img decoding=\"async\" width=\"768\" height=\"1024\" src=\"https:\/\/www.larev.facen.una.py\/herbario\/wp-content\/uploads\/2022\/05\/Pacourina-edulis_IMG_9233-1-scaled.jpg\" class=\"attachment-medium_large size-medium_large\" alt=\"\" loading=\"lazy\" \/><\/a><\/figure><div class=\"elementor-image-box-content\"><h3 class=\"elementor-image-box-title\"><a href=\"http:\/\/www.herbario.facen.una.py\/herbario\/reinos\/\" target=\"_blank\">Reino<\/a><\/h3><\/div><\/div>\t\t<\/div>\n\t\t\t\t<\/div>\n\t\t\t\t<div class=\"elementor-element elementor-element-77b84fb elementor-widget__width-initial elementor-position-top elementor-vertical-align-top elementor-widget elementor-widget-image-box\" data-id=\"77b84fb\" data-element_type=\"widget\" data-widget_type=\"image-box.default\">\n\t\t\t\t<div class=\"elementor-widget-container\">\n\t\t\t<div class=\"elementor-image-box-wrapper\"><figure class=\"elementor-image-box-img\"><a href=\"http:\/\/www.herbario.facen.una.py\/herbario\/familia\/acanthaceae\/\" target=\"_blank\"><img decoding=\"async\" width=\"768\" height=\"1024\" src=\"https:\/\/www.larev.facen.una.py\/herbario\/wp-content\/uploads\/2023\/02\/Sagittaria-montevidensis_IMG_5839-768x1024.jpg\" class=\"attachment-medium_large size-medium_large\" alt=\"\" loading=\"lazy\" \/><\/a><\/figure><div class=\"elementor-image-box-content\"><h3 class=\"elementor-image-box-title\"><a href=\"http:\/\/www.herbario.facen.una.py\/herbario\/familia\/acanthaceae\/\" target=\"_blank\">Familia<\/a><\/h3><\/div><\/div>\t\t<\/div>\n\t\t\t\t<\/div>\n\t\t\t\t<div class=\"elementor-element elementor-element-9cadefc elementor-widget__width-initial elementor-position-top elementor-vertical-align-top elementor-widget elementor-widget-image-box\" data-id=\"9cadefc\" data-element_type=\"widget\" data-widget_type=\"image-box.default\">\n\t\t\t\t<div class=\"elementor-widget-container\">\n\t\t\t<div class=\"elementor-image-box-wrapper\"><figure class=\"elementor-image-box-img\"><a href=\"http:\/\/www.herbario.facen.una.py\/herbario\/genero\/adhatoda\/\" target=\"_blank\"><img decoding=\"async\" width=\"768\" height=\"576\" src=\"https:\/\/www.larev.facen.una.py\/herbario\/wp-content\/uploads\/2023\/02\/Pereskia-aculeata_MC034197-768x576.jpg\" class=\"attachment-medium_large size-medium_large\" alt=\"\" loading=\"lazy\" \/><\/a><\/figure><div class=\"elementor-image-box-content\"><h3 class=\"elementor-image-box-title\"><a href=\"http:\/\/www.herbario.facen.una.py\/herbario\/genero\/adhatoda\/\" target=\"_blank\">G\u00e9nero<\/a><\/h3><\/div><\/div>\t\t<\/div>\n\t\t\t\t<\/div>\n\t\t\t\t<div class=\"elementor-element elementor-element-67d65b1 elementor-widget__width-initial elementor-position-top elementor-vertical-align-top elementor-widget elementor-widget-image-box\" data-id=\"67d65b1\" data-element_type=\"widget\" data-widget_type=\"image-box.default\">\n\t\t\t\t<div class=\"elementor-widget-container\">\n\t\t\t<div class=\"elementor-image-box-wrapper\"><figure class=\"elementor-image-box-img\"><a href=\"http:\/\/www.herbario.facen.una.py\/herbario\/especie\/adhatoda-flexuosa-nees\/\" target=\"_blank\"><img decoding=\"async\" width=\"768\" height=\"576\" src=\"https:\/\/www.larev.facen.una.py\/herbario\/wp-content\/uploads\/2023\/02\/Doryopteris-nobilis-T.-Moore-C.-Chr.-MC064377-768x576.jpg\" class=\"attachment-medium_large size-medium_large\" alt=\"\" loading=\"lazy\" \/><\/a><\/figure><div class=\"elementor-image-box-content\"><h3 class=\"elementor-image-box-title\"><a href=\"http:\/\/www.herbario.facen.una.py\/herbario\/especie\/adhatoda-flexuosa-nees\/\" target=\"_blank\">Especie<\/a><\/h3><\/div><\/div>\t\t<\/div>\n\t\t\t\t<\/div>\n\t\t\t\t\t\t<\/div>\n\t\t\t\t\t<\/div>\n\t\t<\/div>\n\t\t\t\t\t\t\t\t<\/div>\n\t\t\t\t\t<\/div>\n\t\t<\/section>\n\t\t\t\t\t\t\t\t\t<\/div>\n\t\t\t<\/div>\n\t\t\t\t\t<\/div>\n\t\t","protected":false},"excerpt":{"rendered":"<p>Plantas y Hongos de Paraguay La informaci\u00f3n flor\u00edstica y micol\u00f3gica existente en la base de datos se mantiene actualizada a medida que nuevos cambios taxon\u00f3micos o nuevos registros de plantas y hongos son registrados en el Herbario. Reino Familia G\u00e9nero Especie<\/p>\n","protected":false},"author":1,"featured_media":0,"parent":0,"menu_order":0,"comment_status":"closed","ping_status":"closed","template":"elementor_header_footer","meta":[],"_links":{"self":[{"href":"https:\/\/www.larev.facen.una.py\/herbario\/wp-json\/wp\/v2\/pages\/762"}],"collection":[{"href":"https:\/\/www.larev.facen.una.py\/herbario\/wp-json\/wp\/v2\/pages"}],"about":[{"href":"https:\/\/www.larev.facen.una.py\/herbario\/wp-json\/wp\/v2\/types\/page"}],"author":[{"embeddable":true,"href":"https:\/\/www.larev.facen.una.py\/herbario\/wp-json\/wp\/v2\/users\/1"}],"replies":[{"embeddable":true,"href":"https:\/\/www.larev.facen.una.py\/herbario\/wp-json\/wp\/v2\/comments?post=762"}],"version-history":[{"count":38,"href":"https:\/\/www.larev.facen.una.py\/herbario\/wp-json\/wp\/v2\/pages\/762\/revisions"}],"predecessor-version":[{"id":2731,"href":"https:\/\/www.larev.facen.una.py\/herbario\/wp-json\/wp\/v2\/pages\/762\/revisions\/2731"}],"wp:attachment":[{"href":"https:\/\/www.larev.facen.una.py\/herbario\/wp-json\/wp\/v2\/media?parent=762"}],"curies":[{"name":"wp","href":"https:\/\/api.w.org\/{rel}","templated":true}]}}