{"id":525,"date":"2021-12-24T10:34:11","date_gmt":"2021-12-24T13:34:11","guid":{"rendered":"http:\/\/www.larev.facen.una.py\/herbario\/?page_id=525"},"modified":"2023-02-08T14:52:12","modified_gmt":"2023-02-08T17:52:12","slug":"reinos","status":"publish","type":"page","link":"https:\/\/www.larev.facen.una.py\/herbario\/reinos\/","title":{"rendered":"Reinos"},"content":{"rendered":"\t\t<div data-elementor-type=\"wp-page\" data-elementor-id=\"525\" class=\"elementor elementor-525\">\n\t\t\t\t\t\t<div class=\"elementor-inner\">\n\t\t\t\t<div class=\"elementor-section-wrap\">\n\t\t\t\t\t\t\t\t\t<section class=\"elementor-section elementor-top-section elementor-element elementor-element-bcc5d94 elementor-section-boxed elementor-section-height-default elementor-section-height-default\" data-id=\"bcc5d94\" data-element_type=\"section\" data-settings=\"{&quot;background_background&quot;:&quot;classic&quot;}\">\n\t\t\t\t\t\t<div class=\"elementor-container elementor-column-gap-default\">\n\t\t\t\t\t\t\t<div class=\"elementor-row\">\n\t\t\t\t\t<div class=\"elementor-column elementor-col-100 elementor-top-column elementor-element elementor-element-d1fa732\" data-id=\"d1fa732\" data-element_type=\"column\">\n\t\t\t<div class=\"elementor-column-wrap elementor-element-populated\">\n\t\t\t\t\t\t\t<div class=\"elementor-widget-wrap\">\n\t\t\t\t\t\t<div class=\"elementor-element elementor-element-bf9aa70 elementor-widget elementor-widget-spacer\" data-id=\"bf9aa70\" data-element_type=\"widget\" data-widget_type=\"spacer.default\">\n\t\t\t\t<div class=\"elementor-widget-container\">\n\t\t\t\t\t<div class=\"elementor-spacer\">\n\t\t\t<div class=\"elementor-spacer-inner\"><\/div>\n\t\t<\/div>\n\t\t\t\t<\/div>\n\t\t\t\t<\/div>\n\t\t\t\t\t\t<\/div>\n\t\t\t\t\t<\/div>\n\t\t<\/div>\n\t\t\t\t\t\t\t\t<\/div>\n\t\t\t\t\t<\/div>\n\t\t<\/section>\n\t\t\t\t<section class=\"elementor-section elementor-top-section elementor-element elementor-element-ef78c51 elementor-section-boxed elementor-section-height-default elementor-section-height-default\" data-id=\"ef78c51\" data-element_type=\"section\">\n\t\t\t\t\t\t<div class=\"elementor-container elementor-column-gap-default\">\n\t\t\t\t\t\t\t<div class=\"elementor-row\">\n\t\t\t\t\t<div class=\"elementor-column elementor-col-100 elementor-top-column elementor-element elementor-element-81e27f6\" data-id=\"81e27f6\" data-element_type=\"column\">\n\t\t\t<div class=\"elementor-column-wrap elementor-element-populated\">\n\t\t\t\t\t\t\t<div class=\"elementor-widget-wrap\">\n\t\t\t\t\t\t<div class=\"elementor-element elementor-element-e44ae19 elementor-widget elementor-widget-heading\" data-id=\"e44ae19\" data-element_type=\"widget\" data-widget_type=\"heading.default\">\n\t\t\t\t<div class=\"elementor-widget-container\">\n\t\t\t<h1 class=\"elementor-heading-title elementor-size-default\">Reinos<\/h1>\t\t<\/div>\n\t\t\t\t<\/div>\n\t\t\t\t\t\t<\/div>\n\t\t\t\t\t<\/div>\n\t\t<\/div>\n\t\t\t\t\t\t\t\t<\/div>\n\t\t\t\t\t<\/div>\n\t\t<\/section>\n\t\t\t\t\t\t\t\t\t<\/div>\n\t\t\t<\/div>\n\t\t\t\t\t<\/div>\n\t\t","protected":false},"excerpt":{"rendered":"<p>Reinos Plantae Se denominan plantas a los seres vivos mayormente fotosint\u00e9ticos sin capacidad locomotora (es decir, sin capacidad de desplazamiento, aunque s\u00ed de movimiento) cuyas paredes celulares se componen principalmente de celulosa.Taxon\u00f3micamente est\u00e1n agrupadas en el reino Plantae y, como tal, constituyen un grupo monofil\u00e9tico eucariota conformado por las plantas terrestres y las algas que&#8230;<\/p>\n","protected":false},"author":1,"featured_media":0,"parent":0,"menu_order":0,"comment_status":"closed","ping_status":"closed","template":"elementor_header_footer","meta":{"_kad_post_transparent":"default","_kad_post_title":"hide","_kad_post_layout":"fullwidth","_kad_post_sidebar_id":"","_kad_post_content_style":"unboxed","_kad_post_vertical_padding":"hide","_kad_post_feature":"hide","_kad_post_feature_position":"","_kad_post_header":false,"_kad_post_footer":false},"_links":{"self":[{"href":"https:\/\/www.larev.facen.una.py\/herbario\/wp-json\/wp\/v2\/pages\/525"}],"collection":[{"href":"https:\/\/www.larev.facen.una.py\/herbario\/wp-json\/wp\/v2\/pages"}],"about":[{"href":"https:\/\/www.larev.facen.una.py\/herbario\/wp-json\/wp\/v2\/types\/page"}],"author":[{"embeddable":true,"href":"https:\/\/www.larev.facen.una.py\/herbario\/wp-json\/wp\/v2\/users\/1"}],"replies":[{"embeddable":true,"href":"https:\/\/www.larev.facen.una.py\/herbario\/wp-json\/wp\/v2\/comments?post=525"}],"version-history":[{"count":31,"href":"https:\/\/www.larev.facen.una.py\/herbario\/wp-json\/wp\/v2\/pages\/525\/revisions"}],"predecessor-version":[{"id":2734,"href":"https:\/\/www.larev.facen.una.py\/herbario\/wp-json\/wp\/v2\/pages\/525\/revisions\/2734"}],"wp:attachment":[{"href":"https:\/\/www.larev.facen.una.py\/herbario\/wp-json\/wp\/v2\/media?parent=525"}],"curies":[{"name":"wp","href":"https:\/\/api.w.org\/{rel}","templated":true}]}}