{"id":288,"date":"2021-12-03T17:30:06","date_gmt":"2021-12-03T20:30:06","guid":{"rendered":"http:\/\/www.larev.facen.una.py\/herbario\/?page_id=288"},"modified":"2022-04-18T15:49:15","modified_gmt":"2022-04-18T18:49:15","slug":"historia","status":"publish","type":"page","link":"https:\/\/www.larev.facen.una.py\/herbario\/historia\/","title":{"rendered":"Historia"},"content":{"rendered":"\t\t<div data-elementor-type=\"wp-page\" data-elementor-id=\"288\" class=\"elementor elementor-288\">\n\t\t\t\t\t\t<div class=\"elementor-inner\">\n\t\t\t\t<div class=\"elementor-section-wrap\">\n\t\t\t\t\t\t\t\t\t<section class=\"elementor-section elementor-top-section elementor-element elementor-element-4417808 elementor-section-boxed elementor-section-height-default elementor-section-height-default\" data-id=\"4417808\" data-element_type=\"section\">\n\t\t\t\t\t\t<div class=\"elementor-container elementor-column-gap-default\">\n\t\t\t\t\t\t\t<div class=\"elementor-row\">\n\t\t\t\t\t<div class=\"elementor-column elementor-col-100 elementor-top-column elementor-element elementor-element-93a873d\" data-id=\"93a873d\" data-element_type=\"column\">\n\t\t\t<div class=\"elementor-column-wrap elementor-element-populated\">\n\t\t\t\t\t\t\t<div class=\"elementor-widget-wrap\">\n\t\t\t\t\t\t<div class=\"elementor-element elementor-element-84004c7 elementor-widget elementor-widget-text-editor\" data-id=\"84004c7\" data-element_type=\"widget\" data-widget_type=\"text-editor.default\">\n\t\t\t\t<div class=\"elementor-widget-container\">\n\t\t\t\t\t\t\t\t<div class=\"elementor-text-editor elementor-clearfix\">\n\t\t\t\t<h1><strong>\u00a0 \u00a0 \u00a0Laboratorio de Recursos Vegetales (LAREV)<\/strong><\/h1><p>El 11 de marzo de 2011 se crea el Laboratorio de Recursos Vegetales (LAREV) por Resoluci\u00f3n N\u00ba 94-2011 del Consejo Directivo de la Facultad de Ciencias Exactas y Naturales. LAREV, se constituye en apoyo para las actividades de los investigadores y estudiantes de grado y post grado de la Facultad de Ciencias Exactas y Naturales.\u00a0<br \/>Se iniciaron las investigaciones en temas como \u201cUso de plantas nativas e introducidas por parte de algunas comunidades del Paraguay\u201d; \u201cPatrones microgr\u00e1ficos de plantas de importancia econ\u00f3mica\u201d; \u201cAn\u00e1lisis fitoqu\u00edmico preliminar de plantas de uso medicinal\u201d; \u201cAislamiento y purificaci\u00f3n de mol\u00e9culas bioactivas de origen vegetal para el desarrollo de nuevos f\u00e1rmacos\u201d.<br \/>Al mismo tiempo, se ha formado un Herbario de 5000 espec\u00edmenes con el acr\u00f3nimo de Herbario FACEN. Los espec\u00edmenes son el resultado de trabajos de investigadores y estudiantes de grado y post grado del Departamento de Biolog\u00eda, en temas como Flor\u00edstica, Taxonom\u00eda, Ecolog\u00eda, Fitosociolog\u00eda, Bot\u00e1nica Econ\u00f3mica y Etnobot\u00e1nica.<br \/>Posteriormente fueron formadas otras \u00e1reas de trabajo como el de Qu\u00edmica Org\u00e1nica de los productos naturales, m\u00e1s adelante se forma el de Micolog\u00eda y el de Morfo anatom\u00eda y citogen\u00e9tica vegetal<br \/>El plantel actual est\u00e1 formado por Bi\u00f3logos y Qu\u00edmicos, quienes desarrollan programas de investigaci\u00f3n en las \u00e1reas de Morfo anatom\u00eda vegetal, Quimica Org\u00e1nica de los productos naturales, Ecolog\u00eda de comunidades, Bot\u00e1nica Econ\u00f3mica, as\u00ed como trabajos que requieran ensayos biol\u00f3gicos para el estudio de las plantas. Se cuenta adem\u00e1s con el apoyo de especialista en Inform\u00e1tica para la creaci\u00f3n de un Herbario virtual.<\/p>\t\t\t\t\t<\/div>\n\t\t\t\t\t\t<\/div>\n\t\t\t\t<\/div>\n\t\t\t\t\t\t<\/div>\n\t\t\t\t\t<\/div>\n\t\t<\/div>\n\t\t\t\t\t\t\t\t<\/div>\n\t\t\t\t\t<\/div>\n\t\t<\/section>\n\t\t\t\t\t\t\t\t\t<\/div>\n\t\t\t<\/div>\n\t\t\t\t\t<\/div>\n\t\t","protected":false},"excerpt":{"rendered":"<p>\u00a0 \u00a0 \u00a0Laboratorio de Recursos Vegetales (LAREV) El 11 de marzo de 2011 se crea el Laboratorio de Recursos Vegetales (LAREV) por Resoluci\u00f3n N\u00ba 94-2011 del Consejo Directivo de la Facultad de Ciencias Exactas y Naturales. LAREV, se constituye en apoyo para las actividades de los investigadores y estudiantes de grado y post grado de [&hellip;]<\/p>\n","protected":false},"author":1,"featured_media":0,"parent":0,"menu_order":0,"comment_status":"closed","ping_status":"closed","template":"","meta":[],"_links":{"self":[{"href":"https:\/\/www.larev.facen.una.py\/herbario\/wp-json\/wp\/v2\/pages\/288"}],"collection":[{"href":"https:\/\/www.larev.facen.una.py\/herbario\/wp-json\/wp\/v2\/pages"}],"about":[{"href":"https:\/\/www.larev.facen.una.py\/herbario\/wp-json\/wp\/v2\/types\/page"}],"author":[{"embeddable":true,"href":"https:\/\/www.larev.facen.una.py\/herbario\/wp-json\/wp\/v2\/users\/1"}],"replies":[{"embeddable":true,"href":"https:\/\/www.larev.facen.una.py\/herbario\/wp-json\/wp\/v2\/comments?post=288"}],"version-history":[{"count":132,"href":"https:\/\/www.larev.facen.una.py\/herbario\/wp-json\/wp\/v2\/pages\/288\/revisions"}],"predecessor-version":[{"id":1068,"href":"https:\/\/www.larev.facen.una.py\/herbario\/wp-json\/wp\/v2\/pages\/288\/revisions\/1068"}],"wp:attachment":[{"href":"https:\/\/www.larev.facen.una.py\/herbario\/wp-json\/wp\/v2\/media?parent=288"}],"curies":[{"name":"wp","href":"https:\/\/api.w.org\/{rel}","templated":true}]}}