{"id":21,"date":"2021-11-26T22:27:58","date_gmt":"2021-11-27T01:27:58","guid":{"rendered":"http:\/\/www.larev.facen.una.py\/herbario\/?page_id=21"},"modified":"2022-04-12T15:03:58","modified_gmt":"2022-04-12T18:03:58","slug":"equipo-larev","status":"publish","type":"page","link":"https:\/\/www.larev.facen.una.py\/herbario\/equipo-larev\/","title":{"rendered":"Recursos Humanos"},"content":{"rendered":"\t\t<div data-elementor-type=\"wp-page\" data-elementor-id=\"21\" class=\"elementor elementor-21\">\n\t\t\t\t\t\t<div class=\"elementor-inner\">\n\t\t\t\t<div class=\"elementor-section-wrap\">\n\t\t\t\t\t\t\t\t\t<section class=\"elementor-section elementor-top-section elementor-element elementor-element-8c9d237 elementor-section-boxed elementor-section-height-default elementor-section-height-default\" data-id=\"8c9d237\" data-element_type=\"section\" data-settings=\"{&quot;background_background&quot;:&quot;classic&quot;}\">\n\t\t\t\t\t\t\t<div class=\"elementor-background-overlay\"><\/div>\n\t\t\t\t\t\t\t<div class=\"elementor-container elementor-column-gap-default\">\n\t\t\t\t\t\t\t<div class=\"elementor-row\">\n\t\t\t\t\t<div class=\"elementor-column elementor-col-100 elementor-top-column elementor-element elementor-element-a920985\" data-id=\"a920985\" data-element_type=\"column\">\n\t\t\t<div class=\"elementor-column-wrap elementor-element-populated\">\n\t\t\t\t\t\t\t<div class=\"elementor-widget-wrap\">\n\t\t\t\t\t\t<div class=\"elementor-element elementor-element-c64725c elementor-widget elementor-widget-heading\" data-id=\"c64725c\" data-element_type=\"widget\" data-widget_type=\"heading.default\">\n\t\t\t\t<div class=\"elementor-widget-container\">\n\t\t\t<h1 class=\"elementor-heading-title elementor-size-default\">Talento Humano<\/h1>\t\t<\/div>\n\t\t\t\t<\/div>\n\t\t\t\t\t\t<\/div>\n\t\t\t\t\t<\/div>\n\t\t<\/div>\n\t\t\t\t\t\t\t\t<\/div>\n\t\t\t\t\t<\/div>\n\t\t<\/section>\n\t\t\t\t<section class=\"elementor-section elementor-top-section elementor-element elementor-element-6e6314c elementor-section-boxed elementor-section-height-default elementor-section-height-default\" data-id=\"6e6314c\" data-element_type=\"section\">\n\t\t\t\t\t\t<div class=\"elementor-container elementor-column-gap-default\">\n\t\t\t\t\t\t\t<div class=\"elementor-row\">\n\t\t\t\t\t<div class=\"elementor-column elementor-col-100 elementor-top-column elementor-element elementor-element-29a90be\" data-id=\"29a90be\" data-element_type=\"column\">\n\t\t\t<div class=\"elementor-column-wrap\">\n\t\t\t\t\t\t\t<div class=\"elementor-widget-wrap\">\n\t\t\t\t\t\t\t\t<\/div>\n\t\t\t\t\t<\/div>\n\t\t<\/div>\n\t\t\t\t\t\t\t\t<\/div>\n\t\t\t\t\t<\/div>\n\t\t<\/section>\n\t\t\t\t\t\t\t\t\t<\/div>\n\t\t\t<\/div>\n\t\t\t\t\t<\/div>\n\t\t","protected":false},"excerpt":{"rendered":"<p>Talento Humano Bonifacia Ben\u00edtez de Bertoni &nbsp; Christian Vogt Penzkofer &nbsp; Claudia Diana Pereira Suhsner &nbsp; Mar\u00eda Idalicia Vera Jim\u00e9nez &nbsp; Pamela Marchi &nbsp; Fernando Ramond &nbsp; Francisco Ferreira &nbsp; Michelle Geraldine Campi Gaona &nbsp; Claudia Mancuello &nbsp;<\/p>\n","protected":false},"author":1,"featured_media":0,"parent":0,"menu_order":0,"comment_status":"closed","ping_status":"closed","template":"elementor_header_footer","meta":{"_kad_post_transparent":"default","_kad_post_title":"hide","_kad_post_layout":"fullwidth","_kad_post_sidebar_id":"","_kad_post_content_style":"unboxed","_kad_post_vertical_padding":"hide","_kad_post_feature":"hide","_kad_post_feature_position":"","_kad_post_header":false,"_kad_post_footer":false},"_links":{"self":[{"href":"https:\/\/www.larev.facen.una.py\/herbario\/wp-json\/wp\/v2\/pages\/21"}],"collection":[{"href":"https:\/\/www.larev.facen.una.py\/herbario\/wp-json\/wp\/v2\/pages"}],"about":[{"href":"https:\/\/www.larev.facen.una.py\/herbario\/wp-json\/wp\/v2\/types\/page"}],"author":[{"embeddable":true,"href":"https:\/\/www.larev.facen.una.py\/herbario\/wp-json\/wp\/v2\/users\/1"}],"replies":[{"embeddable":true,"href":"https:\/\/www.larev.facen.una.py\/herbario\/wp-json\/wp\/v2\/comments?post=21"}],"version-history":[{"count":26,"href":"https:\/\/www.larev.facen.una.py\/herbario\/wp-json\/wp\/v2\/pages\/21\/revisions"}],"predecessor-version":[{"id":834,"href":"https:\/\/www.larev.facen.una.py\/herbario\/wp-json\/wp\/v2\/pages\/21\/revisions\/834"}],"wp:attachment":[{"href":"https:\/\/www.larev.facen.una.py\/herbario\/wp-json\/wp\/v2\/media?parent=21"}],"curies":[{"name":"wp","href":"https:\/\/api.w.org\/{rel}","templated":true}]}}