{"id":1089,"date":"2022-04-18T16:07:00","date_gmt":"2022-04-18T19:07:00","guid":{"rendered":"http:\/\/www.larev.facen.una.py\/herbario\/?page_id=1089"},"modified":"2024-11-29T12:40:23","modified_gmt":"2024-11-29T16:40:23","slug":"normativas","status":"publish","type":"page","link":"https:\/\/www.larev.facen.una.py\/herbario\/acerca-de\/normativas\/","title":{"rendered":"Normativas"},"content":{"rendered":"\t\t<div data-elementor-type=\"wp-page\" data-elementor-id=\"1089\" class=\"elementor elementor-1089\">\n\t\t\t\t\t\t<div class=\"elementor-inner\">\n\t\t\t\t<div class=\"elementor-section-wrap\">\n\t\t\t\t\t\t\t\t\t<section class=\"elementor-section elementor-top-section elementor-element elementor-element-48ee92b elementor-section-height-min-height elementor-section-boxed elementor-section-height-default elementor-section-items-middle\" data-id=\"48ee92b\" data-element_type=\"section\">\n\t\t\t\t\t\t\t<div class=\"elementor-background-overlay\"><\/div>\n\t\t\t\t\t\t\t<div class=\"elementor-container elementor-column-gap-default\">\n\t\t\t\t\t\t\t<div class=\"elementor-row\">\n\t\t\t\t\t<div class=\"elementor-column elementor-col-100 elementor-top-column elementor-element elementor-element-b294925\" data-id=\"b294925\" data-element_type=\"column\">\n\t\t\t<div class=\"elementor-column-wrap elementor-element-populated\">\n\t\t\t\t\t\t\t<div class=\"elementor-widget-wrap\">\n\t\t\t\t\t\t<div class=\"elementor-element elementor-element-34a709b elementor-widget elementor-widget-text-editor\" data-id=\"34a709b\" data-element_type=\"widget\" data-widget_type=\"text-editor.default\">\n\t\t\t\t<div class=\"elementor-widget-container\">\n\t\t\t\t\t\t\t\t<div class=\"elementor-text-editor elementor-clearfix\">\n\t\t\t\t<h1><span style=\"color: #000000;\"><strong>Normas para pasantes, voluntarios, investigadores y visitantes externos<\/strong><\/span><\/h1>\t\t\t\t\t<\/div>\n\t\t\t\t\t\t<\/div>\n\t\t\t\t<\/div>\n\t\t\t\t\t\t<\/div>\n\t\t\t\t\t<\/div>\n\t\t<\/div>\n\t\t\t\t\t\t\t\t<\/div>\n\t\t\t\t\t<\/div>\n\t\t<\/section>\n\t\t\t\t<section class=\"elementor-section elementor-top-section elementor-element elementor-element-a7cd1b6 elementor-section-boxed elementor-section-height-default elementor-section-height-default\" data-id=\"a7cd1b6\" data-element_type=\"section\">\n\t\t\t\t\t\t<div class=\"elementor-container elementor-column-gap-default\">\n\t\t\t\t\t\t\t<div class=\"elementor-row\">\n\t\t\t\t\t<div class=\"elementor-column elementor-col-100 elementor-top-column elementor-element elementor-element-f6cbe1a\" data-id=\"f6cbe1a\" data-element_type=\"column\">\n\t\t\t<div class=\"elementor-column-wrap elementor-element-populated\">\n\t\t\t\t\t\t\t<div class=\"elementor-widget-wrap\">\n\t\t\t\t\t\t<div class=\"elementor-element elementor-element-9c47333 elementor-widget elementor-widget-text-editor\" data-id=\"9c47333\" data-element_type=\"widget\" data-widget_type=\"text-editor.default\">\n\t\t\t\t<div class=\"elementor-widget-container\">\n\t\t\t\t\t\t\t\t<div class=\"elementor-text-editor elementor-clearfix\">\n\t\t\t\t<p align=\"justify\">1. Para realizar los trabajos, los pasantes, voluntarios, investigadores y visitantes externos deber\u00e1n presentar una solicitud de permiso y el llenado de un formulario para su evaluaci\u00f3n y aprobaci\u00f3n.<\/p><p align=\"justify\">2. Se deber\u00e1 presentar un cronograma de actividades y detallar los equipos y otros recursos necesarios para el cumplimiento de los objetivos.<\/p><p align=\"justify\">3. No se podr\u00e1 tomar fotograf\u00edas a las excicatas de la colecci\u00f3n.<\/p><p align=\"justify\">4. Los pasantes, voluntarios, investigadores y visitantes externos podr\u00e1n acceder y permanecer en el laboratorio exclusivamente cuando haya un encargado responsable.<\/p><p align=\"justify\">5. Los investigadores que deseen depositar sus excicatas en el Herbario FACEN deber\u00e1n presentar una <strong><em><span style=\"color: #0000ff;\"><a style=\"color: #0000ff;\" href=\"http:\/\/www.larev.facen.una.py\/herbario\/wp-content\/uploads\/2022\/08\/Carta-de-pedido-de-ingreso-de-ejemplares-al-herbario.doc\" target=\"_blank\" rel=\"noopener\">nota de pedido (descargar formato nota)<\/a>, <\/span><\/em><\/strong>copia del cuaderno de campo y etiqueta elaborada teniendo en cuenta la muestra de etiqueta disponible en la web. <a href=\"http:\/\/www.larev.facen.una.py\/herbario\/wp-content\/uploads\/2024\/09\/Etiquetas-formato.docx\" target=\"_blank\" rel=\"noopener\"><em><span style=\"color: #0000ff;\"><strong>(Descargar formato de etiqueta)<\/strong><\/span><\/em><\/a><\/p><p align=\"justify\">6. Las excicatas que ser\u00e1n depositadas en el Herbario FACEN, deber\u00e1n ser previamente evaluadas para la verificaci\u00f3n del estado del esp\u00e9cimen. Si no cumpliere el requisito las excicatas no ser\u00e1n recibidas.<\/p><p align=\"justify\">7. Los intercambios, pr\u00e9stamos y env\u00edos de espec\u00edmenes se realizara previa adecuaci\u00f3n a los requisitos legales vigentes en el Paraguay.<\/p><p align=\"justify\">8.\u00a0 El material bibliogr\u00e1fico disponible no podr\u00e1 ser prestados para el uso fuera de la instituci\u00f3n. Las consultas deber\u00e1n ser realizadas en la dependencia del laboratorio.<\/p><p align=\"justify\">9.Los equipos, drogas, y material biol\u00f3gico deber\u00e1n ser manejados teniendo en cuenta las normas de buen uso y de bioseguridad pertinente.<\/p><p align=\"justify\">10. En caso de que ocurra alg\u00fan incidente o falla, se deber\u00e1 notificar al encargado de laboratorio afectado y al responsable asignado en Bioseguridad.<\/p><p align=\"justify\">Se recomienda Ver normativas del <a href=\"http:\/\/www.larev.facen.una.py\/herbario\/wp-content\/uploads\/2022\/08\/Resolucion-N\u00b0-764-00-2021Manual-de-reglas-basicas-de-higiene-y-seguridad-en-los-Laboratorios.pdf\" target=\"_blank\" rel=\"noopener\"><strong><em><span style=\"color: #0000ff;\">\u201cManual de Reglas B\u00e1sicas de higiene y seguridad en los laboratorios\u201d.<\/span><span style=\"color: #0000ff;\"> (Descargar)<\/span><\/em><\/strong><\/a><\/p>\t\t\t\t\t<\/div>\n\t\t\t\t\t\t<\/div>\n\t\t\t\t<\/div>\n\t\t\t\t\t\t<\/div>\n\t\t\t\t\t<\/div>\n\t\t<\/div>\n\t\t\t\t\t\t\t\t<\/div>\n\t\t\t\t\t<\/div>\n\t\t<\/section>\n\t\t\t\t\t\t\t\t\t<\/div>\n\t\t\t<\/div>\n\t\t\t\t\t<\/div>\n\t\t","protected":false},"excerpt":{"rendered":"<p>Normas para pasantes, voluntarios, investigadores y visitantes externos 1. Para realizar los trabajos, los pasantes, voluntarios, investigadores y visitantes externos deber\u00e1n presentar una solicitud de permiso y el llenado de un formulario para su evaluaci\u00f3n y aprobaci\u00f3n. 2. Se deber\u00e1 presentar un cronograma de actividades y detallar los equipos y otros recursos necesarios para el&#8230;<\/p>\n","protected":false},"author":1,"featured_media":0,"parent":892,"menu_order":0,"comment_status":"closed","ping_status":"closed","template":"elementor_header_footer","meta":{"_kad_post_transparent":"","_kad_post_title":"hide","_kad_post_layout":"fullwidth","_kad_post_sidebar_id":"","_kad_post_content_style":"unboxed","_kad_post_vertical_padding":"hide","_kad_post_feature":"hide","_kad_post_feature_position":"","_kad_post_header":false,"_kad_post_footer":false},"_links":{"self":[{"href":"https:\/\/www.larev.facen.una.py\/herbario\/wp-json\/wp\/v2\/pages\/1089"}],"collection":[{"href":"https:\/\/www.larev.facen.una.py\/herbario\/wp-json\/wp\/v2\/pages"}],"about":[{"href":"https:\/\/www.larev.facen.una.py\/herbario\/wp-json\/wp\/v2\/types\/page"}],"author":[{"embeddable":true,"href":"https:\/\/www.larev.facen.una.py\/herbario\/wp-json\/wp\/v2\/users\/1"}],"replies":[{"embeddable":true,"href":"https:\/\/www.larev.facen.una.py\/herbario\/wp-json\/wp\/v2\/comments?post=1089"}],"version-history":[{"count":106,"href":"https:\/\/www.larev.facen.una.py\/herbario\/wp-json\/wp\/v2\/pages\/1089\/revisions"}],"predecessor-version":[{"id":3655,"href":"https:\/\/www.larev.facen.una.py\/herbario\/wp-json\/wp\/v2\/pages\/1089\/revisions\/3655"}],"up":[{"embeddable":true,"href":"https:\/\/www.larev.facen.una.py\/herbario\/wp-json\/wp\/v2\/pages\/892"}],"wp:attachment":[{"href":"https:\/\/www.larev.facen.una.py\/herbario\/wp-json\/wp\/v2\/media?parent=1089"}],"curies":[{"name":"wp","href":"https:\/\/api.w.org\/{rel}","templated":true}]}}