{"id":1085,"date":"2022-04-18T16:06:16","date_gmt":"2022-04-18T19:06:16","guid":{"rendered":"http:\/\/www.larev.facen.una.py\/herbario\/?page_id=1085"},"modified":"2024-07-30T15:03:39","modified_gmt":"2024-07-30T19:03:39","slug":"larev","status":"publish","type":"page","link":"https:\/\/www.larev.facen.una.py\/herbario\/acerca-de\/larev\/","title":{"rendered":"LAREV"},"content":{"rendered":"\t\t<div data-elementor-type=\"wp-page\" data-elementor-id=\"1085\" class=\"elementor elementor-1085\">\n\t\t\t\t\t\t<div class=\"elementor-inner\">\n\t\t\t\t<div class=\"elementor-section-wrap\">\n\t\t\t\t\t\t\t\t\t<section class=\"elementor-section elementor-top-section elementor-element elementor-element-d4ccb2c elementor-section-height-min-height elementor-section-boxed elementor-section-height-default elementor-section-items-middle\" data-id=\"d4ccb2c\" data-element_type=\"section\">\n\t\t\t\t\t\t\t<div class=\"elementor-background-overlay\"><\/div>\n\t\t\t\t\t\t\t<div class=\"elementor-container elementor-column-gap-default\">\n\t\t\t\t\t\t\t<div class=\"elementor-row\">\n\t\t\t\t\t<div class=\"elementor-column elementor-col-100 elementor-top-column elementor-element elementor-element-13d548c\" data-id=\"13d548c\" data-element_type=\"column\">\n\t\t\t<div class=\"elementor-column-wrap elementor-element-populated\">\n\t\t\t\t\t\t\t<div class=\"elementor-widget-wrap\">\n\t\t\t\t\t\t<div class=\"elementor-element elementor-element-86e4f09 elementor-widget elementor-widget-heading\" data-id=\"86e4f09\" data-element_type=\"widget\" data-widget_type=\"heading.default\">\n\t\t\t\t<div class=\"elementor-widget-container\">\n\t\t\t<h1 class=\"elementor-heading-title elementor-size-default\"><br><br>LABORATORIO DE RECURSOS VEGETALES<\/h1>\t\t<\/div>\n\t\t\t\t<\/div>\n\t\t\t\t\t\t<\/div>\n\t\t\t\t\t<\/div>\n\t\t<\/div>\n\t\t\t\t\t\t\t\t<\/div>\n\t\t\t\t\t<\/div>\n\t\t<\/section>\n\t\t\t\t<section class=\"elementor-section elementor-top-section elementor-element elementor-element-9aca80a elementor-section-boxed elementor-section-height-default elementor-section-height-default\" data-id=\"9aca80a\" data-element_type=\"section\">\n\t\t\t\t\t\t<div class=\"elementor-container elementor-column-gap-default\">\n\t\t\t\t\t\t\t<div class=\"elementor-row\">\n\t\t\t\t\t<div class=\"elementor-column elementor-col-100 elementor-top-column elementor-element elementor-element-0705d51\" data-id=\"0705d51\" data-element_type=\"column\">\n\t\t\t<div class=\"elementor-column-wrap elementor-element-populated\">\n\t\t\t\t\t\t\t<div class=\"elementor-widget-wrap\">\n\t\t\t\t\t\t<div class=\"elementor-element elementor-element-827bd48 elementor-widget elementor-widget-text-editor\" data-id=\"827bd48\" data-element_type=\"widget\" data-widget_type=\"text-editor.default\">\n\t\t\t\t<div class=\"elementor-widget-container\">\n\t\t\t\t\t\t\t\t<div class=\"elementor-text-editor elementor-clearfix\">\n\t\t\t\t<p align=\"justify\">El 11 de marzo de 2011 se crea el Laboratorio de Recursos Vegetales (LAREV) por Resoluci\u00f3n N\u00ba 94-2011 del Consejo Directivo de la Facultad de Ciencias Exactas y Naturales. LAREV, se constituye en un centro de investigaci\u00f3n y a su vez de apoyo para las actividades de investigadores, estudiantes de grado y post grado de la Facultad de Ciencias Exactas y Naturales.\u00a0 Las investigaciones realizadas pertenecen al \u00e1rea de Bot\u00e1nica en sus diferentes enfoques.<\/p>\nAl mismo tiempo, se ha formado un Herbario de 5000 espec\u00edmenes con el acr\u00f3nimo de Herbario FACEN. Los espec\u00edmenes son el resultado de trabajos de investigadores, de estudiantes de grado y post grado del Departamento de Biolog\u00eda, en temas como Flor\u00edstica, Taxonom\u00eda, Ecolog\u00eda, Fitosociolog\u00eda, Bot\u00e1nica Econ\u00f3mica y Etnobot\u00e1nica.\n\nPosteriormente fueron formadas otras \u00e1reas de trabajo como el Laboratorio de Biosistem\u00e1tica Vegetal, Qu\u00edmica Org\u00e1nica de los Productos Naturales y Micolog\u00eda.\n\n<p align=\"justify\">El plantel de investigadores est\u00e1 formado por Bi\u00f3logos y Qu\u00edmicos, quienes desarrollan programas de investigaci\u00f3n en las \u00e1reas de Biosistem\u00e1tica Vegetal, Qu\u00edmica Org\u00e1nica de los productos naturales, apoyado por el Especialista Inform\u00e1tico.<\/p>\n<p align=\"justify\">A partir del a\u00f1o 2019 se present\u00f3 la propuesta para digitalizar toda la informaci\u00f3n de los espec\u00edmenes en una Base de Datos y en el a\u00f1o 2021 gracias al Acuerdo de Cooperaci\u00f3n entre el <a href=\"https:\/\/laboratoriowotan.com\/\">Laboratorio WOTAN<\/a> y la <a href=\"http:\/\/www.facen.una.py\/es\/\">FACEN<\/a>, se dispuso del equipamiento necesario para este fin.<\/p>\n&nbsp;\n\n&nbsp;\t\t\t\t\t<\/div>\n\t\t\t\t\t\t<\/div>\n\t\t\t\t<\/div>\n\t\t\t\t\t\t<\/div>\n\t\t\t\t\t<\/div>\n\t\t<\/div>\n\t\t\t\t\t\t\t\t<\/div>\n\t\t\t\t\t<\/div>\n\t\t<\/section>\n\t\t\t\t\t\t\t\t\t<\/div>\n\t\t\t<\/div>\n\t\t\t\t\t<\/div>\n\t\t","protected":false},"excerpt":{"rendered":"<p>LABORATORIO DE RECURSOS VEGETALES El 11 de marzo de 2011 se crea el Laboratorio de Recursos Vegetales (LAREV) por Resoluci\u00f3n N\u00ba 94-2011 del Consejo Directivo de la Facultad de Ciencias Exactas y Naturales. LAREV, se constituye en un centro de investigaci\u00f3n y a su vez de apoyo para las actividades de investigadores, estudiantes de grado&#8230;<\/p>\n","protected":false},"author":1,"featured_media":0,"parent":892,"menu_order":0,"comment_status":"closed","ping_status":"closed","template":"elementor_header_footer","meta":{"_kad_post_transparent":"","_kad_post_title":"hide","_kad_post_layout":"fullwidth","_kad_post_sidebar_id":"","_kad_post_content_style":"unboxed","_kad_post_vertical_padding":"hide","_kad_post_feature":"hide","_kad_post_feature_position":"","_kad_post_header":false,"_kad_post_footer":false},"_links":{"self":[{"href":"https:\/\/www.larev.facen.una.py\/herbario\/wp-json\/wp\/v2\/pages\/1085"}],"collection":[{"href":"https:\/\/www.larev.facen.una.py\/herbario\/wp-json\/wp\/v2\/pages"}],"about":[{"href":"https:\/\/www.larev.facen.una.py\/herbario\/wp-json\/wp\/v2\/types\/page"}],"author":[{"embeddable":true,"href":"https:\/\/www.larev.facen.una.py\/herbario\/wp-json\/wp\/v2\/users\/1"}],"replies":[{"embeddable":true,"href":"https:\/\/www.larev.facen.una.py\/herbario\/wp-json\/wp\/v2\/comments?post=1085"}],"version-history":[{"count":88,"href":"https:\/\/www.larev.facen.una.py\/herbario\/wp-json\/wp\/v2\/pages\/1085\/revisions"}],"predecessor-version":[{"id":3278,"href":"https:\/\/www.larev.facen.una.py\/herbario\/wp-json\/wp\/v2\/pages\/1085\/revisions\/3278"}],"up":[{"embeddable":true,"href":"https:\/\/www.larev.facen.una.py\/herbario\/wp-json\/wp\/v2\/pages\/892"}],"wp:attachment":[{"href":"https:\/\/www.larev.facen.una.py\/herbario\/wp-json\/wp\/v2\/media?parent=1085"}],"curies":[{"name":"wp","href":"https:\/\/api.w.org\/{rel}","templated":true}]}}